{"id":20262,"date":"2025-05-13T11:54:01","date_gmt":"2025-05-13T08:54:01","guid":{"rendered":"https:\/\/coresan.com.tr\/?page_id=20262"},"modified":"2025-05-14T09:56:51","modified_gmt":"2025-05-14T06:56:51","slug":"film-folyo-ve-esnek-ambalaj-sanayi","status":"publish","type":"page","link":"https:\/\/coresan.com.tr\/en\/film-folyo-ve-esnek-ambalaj-sanayi\/","title":{"rendered":"Film, Foil and Flexible Packaging Industry"},"content":{"rendered":"<div data-elementor-type=\"wp-page\" data-elementor-id=\"20262\" class=\"elementor elementor-20262\">\n\t\t\t\t        <section class=\"elementor-section elementor-top-section elementor-element elementor-element-2c4e44e elementor-section-boxed elementor-section-height-default elementor-section-height-default pxl-row-scroll-none pxl-zoom-point-false pxl-section-overflow-visible pxl-section-fix-none pxl-bg-color-none pxl-section-overlay-none\" data-id=\"2c4e44e\" data-element_type=\"section\">\n\n                \n                <div class=\"elementor-container elementor-column-gap-extended\">\n                <div class=\"elementor-column elementor-col-100 elementor-top-column elementor-element elementor-element-970f407 pxl-column-none pxl-column-overflow-hidden-no\" data-id=\"970f407\" data-element_type=\"column\">\r\n        <div class=\"elementor-widget-wrap elementor-element-populated\">\r\n                     \r\n        \t\t<div class=\"elementor-element elementor-element-c28fd5d elementor-widget elementor-widget-pxl_image\" data-id=\"c28fd5d\" data-element_type=\"widget\" data-widget_type=\"pxl_image.default\">\n\t\t\t\t<div class=\"elementor-widget-container\">\n\t\t\t\t\t<div id=\"pxl_image-c28fd5d-8241\" class=\"pxl-image-single pxl-disable-parallax-sm\" data-wow-delay=\"ms\"  >\r\n    <div class=\"pxl-item--inner\" data-wow-delay=\"120ms\">\r\n                \r\n                                <div class=\"pxl-item--image\" data-parallax-value=\"\">\r\n                                                    <img fetchpriority=\"high\" decoding=\"async\" width=\"1500\" height=\"643\" src=\"https:\/\/coresan.com.tr\/wp-content\/uploads\/2025\/05\/film-folyo.png\" class=\"no-lazyload attachment-full\" alt=\"\" \/>                                                                    <\/div>\r\n                                <\/div>\r\n<\/div>\t\t\t\t<\/div>\n\t\t\t\t<\/div>\n\t\t\t\t<div class=\"elementor-element elementor-element-6935599 elementor-widget elementor-widget-pxl_heading\" data-id=\"6935599\" data-element_type=\"widget\" data-widget_type=\"pxl_heading.default\">\n\t\t\t\t<div class=\"elementor-widget-container\">\n\t\t\t\t\t\n<div id=\"pxl-pxl_heading-6935599-9671\" class=\"pxl-heading\">\n\t<div class=\"pxl-heading--inner\">\n\t\t\n\t\t<h2 class=\"pxl-item--title style-default highlight-default wow fadeInUp\" data-wow-delay=\"ms\">\n\n\t\t\t<span class=\"pxl-heading--text\">\n\n\t\t\t\t\t\t\t\t\tFilm, Foil and Flexible Packaging Industry\t\n\t\t\t\t\t\n\n\t\t\t<\/span>\n\t\t<\/h2>\n\t\t\n\t<\/div>\n<\/div>\t\t\t\t<\/div>\n\t\t\t\t<\/div>\n\t\t\t\t<div class=\"elementor-element elementor-element-ad28001 elementor-widget elementor-widget-pxl_text_editor\" data-id=\"ad28001\" data-element_type=\"widget\" data-widget_type=\"pxl_text_editor.default\">\n\t\t\t\t<div class=\"elementor-widget-container\">\n\t\t\t\t\t<div class=\"pxl-text-editor\">\n\t<div class=\"pxl-item--inner wow fadeInUp\" data-wow-delay=\"ms\">\n\t\t<ul><li>A wide range of cores are offered.<\/li><li>Products of special size and quality are produced.<\/li><li>Cut to customer's finished lengths without dust or burrs.<\/li><li>High strength special products are offered.<\/li><li>Excellent hygiene properties are ensured.<\/li><li>Your company name, logo and\/or other reference for identification purposes can be printed on the inside.<\/li><\/ul>\t\t\n\t<\/div>\n<\/div>\t\t\t\t<\/div>\n\t\t\t\t<\/div>\n\t\t            <\/div>\r\n        <\/div>\r\n        \t\t\t<\/div>\n\t\t<\/section>\n\t\t\t\t<\/div>","protected":false},"excerpt":{"rendered":"<p>Film, Folyo Ve Esnek Ambalaj Sanayi Geni\u015f \u00e7ekirdek (g\u00f6bek) yelpazesi sunulur. \u00d6zel boyut ve kalitede \u00fcr\u00fcnler \u00fcretilir. M\u00fc\u015fterinin bitmi\u015f uzunluklar\u0131na tozsuz ve \u00e7apaks\u0131z olarak kesilir. Y\u00fcksek mukavemetli \u00f6zel \u00fcr\u00fcnler sunulur. M\u00fckemmel hijyen \u00f6zellikleri sa\u011flan\u0131r. \u0130\u00e7 k\u0131sma \u015firketinizin ad\u0131, logosu ve\/veya tan\u0131mlama amac\u0131yla ba\u015fka referans bas\u0131labilir.<\/p>","protected":false},"author":1,"featured_media":0,"parent":0,"menu_order":0,"comment_status":"closed","ping_status":"closed","template":"","meta":{"_themeisle_gutenberg_block_has_review":false,"footnotes":""},"class_list":["post-20262","page","type-page","status-publish","hentry"],"_links":{"self":[{"href":"https:\/\/coresan.com.tr\/en\/wp-json\/wp\/v2\/pages\/20262","targetHints":{"allow":["GET"]}}],"collection":[{"href":"https:\/\/coresan.com.tr\/en\/wp-json\/wp\/v2\/pages"}],"about":[{"href":"https:\/\/coresan.com.tr\/en\/wp-json\/wp\/v2\/types\/page"}],"author":[{"embeddable":true,"href":"https:\/\/coresan.com.tr\/en\/wp-json\/wp\/v2\/users\/1"}],"replies":[{"embeddable":true,"href":"https:\/\/coresan.com.tr\/en\/wp-json\/wp\/v2\/comments?post=20262"}],"version-history":[{"count":8,"href":"https:\/\/coresan.com.tr\/en\/wp-json\/wp\/v2\/pages\/20262\/revisions"}],"predecessor-version":[{"id":20303,"href":"https:\/\/coresan.com.tr\/en\/wp-json\/wp\/v2\/pages\/20262\/revisions\/20303"}],"wp:attachment":[{"href":"https:\/\/coresan.com.tr\/en\/wp-json\/wp\/v2\/media?parent=20262"}],"curies":[{"name":"wp","href":"https:\/\/api.w.org\/{rel}","templated":true}]}}