{"id":971,"date":"2024-06-30T05:36:24","date_gmt":"2024-06-30T05:36:24","guid":{"rendered":"https:\/\/demo.casethemes.net\/industio\/?page_id=971"},"modified":"2025-05-14T09:48:24","modified_gmt":"2025-05-14T06:48:24","slug":"kagit-karton-ve-temizlik-kagidi-sanayi","status":"publish","type":"page","link":"https:\/\/coresan.com.tr\/en\/kagit-karton-ve-temizlik-kagidi-sanayi\/","title":{"rendered":"Paper, Cardboard and Tissue Industry"},"content":{"rendered":"<div data-elementor-type=\"wp-page\" data-elementor-id=\"971\" class=\"elementor elementor-971\">\n\t\t\t\t        <section class=\"elementor-section elementor-top-section elementor-element elementor-element-2c4e44e elementor-section-boxed elementor-section-height-default elementor-section-height-default pxl-row-scroll-none pxl-zoom-point-false pxl-section-overflow-visible pxl-section-fix-none pxl-bg-color-none pxl-section-overlay-none\" data-id=\"2c4e44e\" data-element_type=\"section\">\n\n                \n                <div class=\"elementor-container elementor-column-gap-extended\">\n                <div class=\"elementor-column elementor-col-100 elementor-top-column elementor-element elementor-element-970f407 pxl-column-none pxl-column-overflow-hidden-no\" data-id=\"970f407\" data-element_type=\"column\">\r\n        <div class=\"elementor-widget-wrap elementor-element-populated\">\r\n                     \r\n        \t\t<div class=\"elementor-element elementor-element-c28fd5d elementor-widget elementor-widget-pxl_image\" data-id=\"c28fd5d\" data-element_type=\"widget\" data-widget_type=\"pxl_image.default\">\n\t\t\t\t<div class=\"elementor-widget-container\">\n\t\t\t\t\t<div id=\"pxl_image-c28fd5d-5342\" class=\"pxl-image-single pxl-disable-parallax-sm\" data-wow-delay=\"ms\"  >\r\n    <div class=\"pxl-item--inner\" data-wow-delay=\"120ms\">\r\n                \r\n                                <div class=\"pxl-item--image\" data-parallax-value=\"\">\r\n                                                    <img fetchpriority=\"high\" decoding=\"async\" width=\"1920\" height=\"900\" src=\"https:\/\/coresan.com.tr\/wp-content\/uploads\/2025\/04\/rolik_masura.jpg\" class=\"no-lazyload attachment-full\" alt=\"\" \/>                                                                    <\/div>\r\n                                <\/div>\r\n<\/div>\t\t\t\t<\/div>\n\t\t\t\t<\/div>\n\t\t\t\t<div class=\"elementor-element elementor-element-ad28001 elementor-widget elementor-widget-pxl_text_editor\" data-id=\"ad28001\" data-element_type=\"widget\" data-widget_type=\"pxl_text_editor.default\">\n\t\t\t\t<div class=\"elementor-widget-container\">\n\t\t\t\t\t<div class=\"pxl-text-editor\">\n\t<div class=\"pxl-item--inner wow fadeInUp\" data-wow-delay=\"ms\">\n\t\t<div class=\"coresan-masura-container\"><div class=\"hero-section\"><ul><li>It is used as a bobbin core for winding and transport applications.<\/li><li>Optimum unwinding applications are offered.<\/li><li>Products of special size and quality are produced.<\/li><li>Cut to customer's finished lengths without dust or burrs.<\/li><li>High strength special products are offered.<\/li><li>Your company name, logo and\/or other reference for identification purposes can be printed on the inside.<\/li><li>Products with trouble-free and safe use are offered.<\/li><li>Paper cores that can withstand all kinds of stress are developed.<\/li><\/ul><\/div><\/div>\t\t\n\t<\/div>\n<\/div>\t\t\t\t<\/div>\n\t\t\t\t<\/div>\n\t\t            <\/div>\r\n        <\/div>\r\n        \t\t\t<\/div>\n\t\t<\/section>\n\t\t\t\t<\/div>","protected":false},"excerpt":{"rendered":"<p>Sar\u0131m ve ta\u015f\u0131ma uygulamalar\u0131 i\u00e7in bobin g\u00f6be\u011fi olarak kullan\u0131l\u0131r. Optimum sarma \u00e7\u00f6zme uygulamalar\u0131 sunulur. \u00d6zel boyut ve kalitede \u00fcr\u00fcnler \u00fcretilir. M\u00fc\u015fterinin bitmi\u015f uzunluklar\u0131na tozsuz ve \u00e7apaks\u0131z olarak kesilir. Y\u00fcksek mukavemetli \u00f6zel \u00fcr\u00fcnler sunulur. \u0130\u00e7 k\u0131sma \u015firketinizin ad\u0131, logosu ve\/veya tan\u0131mlama amac\u0131yla ba\u015fka referans bas\u0131labilir. Sorunsuz ve g\u00fcvenli kullan\u0131ma sahip \u00fcr\u00fcnler sunulur. Her t\u00fcrl\u00fc zorlanmaya dayanabilen [&hellip;]<\/p>","protected":false},"author":1,"featured_media":0,"parent":0,"menu_order":0,"comment_status":"closed","ping_status":"closed","template":"","meta":{"_themeisle_gutenberg_block_has_review":false,"footnotes":""},"class_list":["post-971","page","type-page","status-publish","hentry"],"_links":{"self":[{"href":"https:\/\/coresan.com.tr\/en\/wp-json\/wp\/v2\/pages\/971","targetHints":{"allow":["GET"]}}],"collection":[{"href":"https:\/\/coresan.com.tr\/en\/wp-json\/wp\/v2\/pages"}],"about":[{"href":"https:\/\/coresan.com.tr\/en\/wp-json\/wp\/v2\/types\/page"}],"author":[{"embeddable":true,"href":"https:\/\/coresan.com.tr\/en\/wp-json\/wp\/v2\/users\/1"}],"replies":[{"embeddable":true,"href":"https:\/\/coresan.com.tr\/en\/wp-json\/wp\/v2\/comments?post=971"}],"version-history":[{"count":15,"href":"https:\/\/coresan.com.tr\/en\/wp-json\/wp\/v2\/pages\/971\/revisions"}],"predecessor-version":[{"id":20293,"href":"https:\/\/coresan.com.tr\/en\/wp-json\/wp\/v2\/pages\/971\/revisions\/20293"}],"wp:attachment":[{"href":"https:\/\/coresan.com.tr\/en\/wp-json\/wp\/v2\/media?parent=971"}],"curies":[{"name":"wp","href":"https:\/\/api.w.org\/{rel}","templated":true}]}}